{"id":219,"date":"2026-02-24T20:02:12","date_gmt":"2026-02-24T20:02:12","guid":{"rendered":"https:\/\/staging.employnext.ca\/?page_id=219"},"modified":"2026-02-27T19:29:06","modified_gmt":"2026-02-27T19:29:06","slug":"employnext-employer-contact-page","status":"publish","type":"page","link":"https:\/\/staging.employnext.ca\/fr\/employnext-employer-contact-page\/","title":{"rendered":"Page de contact employeur de ProchainEmploi"},"content":{"rendered":"<h3 style=\"text-align: center;\"><strong>Un accompagnement au recrutement adapt\u00e9 \u00e0 votre entreprise<\/strong><\/h3>\n<p style=\"text-align: left;\">Contactez ProchainEmploi pour d\u00e9couvrir des outils pratiques, des analyses et un soutien con\u00e7us pour vous aider \u00e0 attirer et fid\u00e9liser les talents.<\/p>\n<div style=\"text-align: center; margin: 20px 0;\"><a class=\"cta-button\" href=\"#employer-contact-form\"><br \/>\nDemander un suivi<br \/>\n<\/a><\/p>\n<div style=\"font-size: 14px; margin-top: 8px;\">Cela prend moins d&#8217;une minute<\/div>\n<\/div>\n<h3 style=\"text-align: center;\">Pourquoi contacter ProchainEmploi?<\/h3>\n<p style=\"text-align: left;\">Notre \u00e9quipe:<\/p>\n<ul style=\"text-align: left;\">\n<li>Analysera vos besoins, vos \u00e9ch\u00e9ances et vos priorit\u00e9s en mati\u00e8re de recrutement<\/li>\n<li>Partagera des ressources pertinentes et des analyses du march\u00e9 du travail<\/li>\n<li>Discutera des options adapt\u00e9es \u00e0 votre entreprise, d\u00e8s maintenant et pour l&#8217;avenir<\/li>\n<li>Vous accompagnera dans vos prochaines \u00e9tapes, \u00e0 votre rythme<\/li>\n<\/ul>\n<p style=\"text-align: left;\">Que vous soyez en pleine campagne de recrutement ou en phase de planification, nous nous concentrerons sur ce qui vous est le plus utile.<\/p>\n<p>&nbsp;<\/p>\n<h3 id=\"employer-contact-form\" style=\"text-align: center;\">Formulaire de contact employeur<\/h3>\n<p style=\"text-align: left;\"><style id=\"wpforms-css-vars-216\">\n\t\t\t\t#wpforms-216 {\n\t\t\t\t\n\t\t\t}\n\t\t\t<\/style><div class=\"wpforms-container wpforms-container-full wpforms-render-modern\" id=\"wpforms-216\"><form id=\"wpforms-form-216\" class=\"wpforms-validate wpforms-form wpforms-ajax-form\" data-formid=\"216\" method=\"post\" enctype=\"multipart\/form-data\" action=\"\/fr\/wp-json\/wp\/v2\/pages\/219\" data-token=\"13074547ffe37e676f4ba194bf3d98f0\" data-token-time=\"1776367971\"><noscript class=\"wpforms-error-noscript\">Veuillez activer JavaScript dans votre navigateur pour remplir ce formulaire.<\/noscript><div id=\"wpforms-error-noscript\" style=\"display: none;\">Veuillez activer JavaScript dans votre navigateur pour remplir ce formulaire.<\/div><div class=\"wpforms-field-container\"><div id=\"wpforms-216-field_19-container\" class=\"wpforms-field wpforms-field-divider\" data-field-id=\"19\"><h3 id=\"wpforms-216-field_19\" aria-errormessage=\"wpforms-216-field_19-error\">Informations sur le contact<\/h3><\/div><div id=\"wpforms-216-field_28-container\" class=\"wpforms-field wpforms-field-name\" data-field-id=\"28\"><label class=\"wpforms-field-label\" for=\"wpforms-216-field_28\">Pr\u00e9nom <span class=\"wpforms-required-label\" aria-hidden=\"true\">*<\/span><\/label><input type=\"text\" id=\"wpforms-216-field_28\" class=\"wpforms-field-medium wpforms-field-required\" name=\"wpforms[fields][28]\" aria-errormessage=\"wpforms-216-field_28-error\" required><\/div><div id=\"wpforms-216-field_32-container\" class=\"wpforms-field wpforms-field-text\" data-field-id=\"32\"><label class=\"wpforms-field-label\" for=\"wpforms-216-field_32\">Nom de famille <span class=\"wpforms-required-label\" aria-hidden=\"true\">*<\/span><\/label><input type=\"text\" id=\"wpforms-216-field_32\" class=\"wpforms-field-medium wpforms-field-required\" name=\"wpforms[fields][32]\" aria-errormessage=\"wpforms-216-field_32-error\" required><\/div><div id=\"wpforms-216-field_3-container\" class=\"wpforms-field wpforms-field-text\" data-field-id=\"3\"><label class=\"wpforms-field-label\" for=\"wpforms-216-field_3\">Entreprise \/ Organisation <span class=\"wpforms-required-label\" aria-hidden=\"true\">*<\/span><\/label><input type=\"text\" id=\"wpforms-216-field_3\" class=\"wpforms-field-medium wpforms-field-required\" name=\"wpforms[fields][3]\" aria-errormessage=\"wpforms-216-field_3-error\" required><\/div><div id=\"wpforms-216-field_33-container\" class=\"wpforms-field wpforms-field-text\" data-field-id=\"33\"><label class=\"wpforms-field-label\" for=\"wpforms-216-field_33\">Titre du r\u00f4le<\/label><input type=\"text\" id=\"wpforms-216-field_33\" class=\"wpforms-field-medium\" name=\"wpforms[fields][33]\" aria-errormessage=\"wpforms-216-field_33-error\" ><\/div><div id=\"wpforms-216-field_15-container\" class=\"wpforms-field wpforms-field-text wpforms-one-half wpforms-first\" data-field-id=\"15\"><label class=\"wpforms-field-label\" for=\"wpforms-216-field_15\">Courriel <span class=\"wpforms-required-label\" aria-hidden=\"true\">*<\/span><\/label><input type=\"text\" id=\"wpforms-216-field_15\" class=\"wpforms-field-medium wpforms-field-required\" name=\"wpforms[fields][15]\" aria-errormessage=\"wpforms-216-field_15-error\" required><\/div><div id=\"wpforms-216-field_16-container\" class=\"wpforms-field wpforms-field-text wpforms-one-half\" data-field-id=\"16\"><label class=\"wpforms-field-label\" for=\"wpforms-216-field_16\">Num\u00e9ro de t\u00e9l\u00e9phone<\/label><input type=\"text\" id=\"wpforms-216-field_16\" class=\"wpforms-field-medium\" name=\"wpforms[fields][16]\" aria-errormessage=\"wpforms-216-field_16-error\" ><\/div><div id=\"wpforms-216-field_18-container\" class=\"wpforms-field wpforms-field-divider\" data-field-id=\"18\"><h3 id=\"wpforms-216-field_18\" aria-errormessage=\"wpforms-216-field_18-error\">D\u00e9tails de l&#039;entreprise<\/h3><\/div><div id=\"wpforms-216-field_8-container\" class=\"wpforms-field wpforms-field-text wpforms-one-half wpforms-first\" data-field-id=\"8\"><label class=\"wpforms-field-label\" for=\"wpforms-216-field_8\">Lieu (ville) <span class=\"wpforms-required-label\" aria-hidden=\"true\">*<\/span><\/label><input type=\"text\" id=\"wpforms-216-field_8\" class=\"wpforms-field-medium wpforms-field-required\" name=\"wpforms[fields][8]\" aria-errormessage=\"wpforms-216-field_8-error\" required><\/div><div id=\"wpforms-216-field_10-container\" class=\"wpforms-field wpforms-field-select wpforms-one-half wpforms-field-select-style-classic\" data-field-id=\"10\"><label class=\"wpforms-field-label\" for=\"wpforms-216-field_10\">Province ou territoire <span class=\"wpforms-required-label\" aria-hidden=\"true\">*<\/span><\/label><select id=\"wpforms-216-field_10\" class=\"wpforms-field-medium wpforms-field-required\" name=\"wpforms[fields][10]\" required=\"required\"><option value=\"\" class=\"placeholder\" disabled  selected='selected'>Veuillez s\u00e9lectionner<\/option><option value=\"Alberta\"  class=\"choice-1 depth-1\"  >Alberta<\/option><option value=\"Colombie-Britannique\"  class=\"choice-8 depth-1\"  >Colombie-Britannique<\/option><option value=\"Manitoba\"  class=\"choice-7 depth-1\"  >Manitoba<\/option><option value=\"Nouveau-Brunswick\"  class=\"choice-6 depth-1\"  >Nouveau-Brunswick<\/option><option value=\"Terre-Neuve et Labrador\"  class=\"choice-5 depth-1\"  >Terre-Neuve et Labrador<\/option><option value=\"Territoires du Nord-Ouest\"  class=\"choice-15 depth-1\"  >Territoires du Nord-Ouest<\/option><option value=\"Nouvelle-\u00c9cosse\"  class=\"choice-4 depth-1\"  >Nouvelle-\u00c9cosse<\/option><option value=\"Nunavut\"  class=\"choice-16 depth-1\"  >Nunavut<\/option><option value=\"Ontario\"  class=\"choice-2 depth-1\"  >Ontario<\/option><option value=\"\u00cele-du-Prince-\u00c9douard,\"  class=\"choice-3 depth-1\"  >\u00cele-du-Prince-\u00c9douard,<\/option><option value=\"Qu\u00e9bec\"  class=\"choice-13 depth-1\"  >Qu\u00e9bec<\/option><option value=\"Saskatchewan\"  class=\"choice-12 depth-1\"  >Saskatchewan<\/option><option value=\"Yukon\"  class=\"choice-17 depth-1\"  >Yukon<\/option><\/select><\/div><div id=\"wpforms-216-field_35-container\" class=\"wpforms-field wpforms-field-radio\" data-field-id=\"35\"><fieldset><legend class=\"wpforms-field-label\">When are you looking to hire? <span class=\"wpforms-required-label\" aria-hidden=\"true\">*<\/span><\/legend><ul id=\"wpforms-216-field_35\" class=\"wpforms-field-required\"><li class=\"choice-1 depth-1\"><input type=\"radio\" id=\"wpforms-216-field_35_1\" name=\"wpforms[fields][35]\" value=\"0-3 months\" aria-errormessage=\"wpforms-216-field_35_1-error\" required ><label class=\"wpforms-field-label-inline\" for=\"wpforms-216-field_35_1\">0-3 months<\/label><\/li><li class=\"choice-2 depth-1\"><input type=\"radio\" id=\"wpforms-216-field_35_2\" name=\"wpforms[fields][35]\" value=\"3-6 months\" aria-errormessage=\"wpforms-216-field_35_2-error\" required ><label class=\"wpforms-field-label-inline\" for=\"wpforms-216-field_35_2\">3-6 months<\/label><\/li><li class=\"choice-3 depth-1\"><input type=\"radio\" id=\"wpforms-216-field_35_3\" name=\"wpforms[fields][35]\" value=\"6-12 months\" aria-errormessage=\"wpforms-216-field_35_3-error\" required ><label class=\"wpforms-field-label-inline\" for=\"wpforms-216-field_35_3\">6-12 months<\/label><\/li><li class=\"choice-4 depth-1\"><input type=\"radio\" id=\"wpforms-216-field_35_4\" name=\"wpforms[fields][35]\" value=\"12+ months\" aria-errormessage=\"wpforms-216-field_35_4-error\" required ><label class=\"wpforms-field-label-inline\" for=\"wpforms-216-field_35_4\">12+ months<\/label><\/li><li class=\"choice-5 depth-1\"><input type=\"radio\" id=\"wpforms-216-field_35_5\" name=\"wpforms[fields][35]\" value=\"Not sure\" aria-errormessage=\"wpforms-216-field_35_5-error\" required ><label class=\"wpforms-field-label-inline\" for=\"wpforms-216-field_35_5\">Not sure<\/label><\/li><\/ul><\/fieldset><\/div><div id=\"wpforms-216-field_30-container\" class=\"wpforms-field wpforms-field-checkbox\" data-field-id=\"30\"><fieldset><legend class=\"wpforms-field-label\">Consentement <span class=\"wpforms-required-label\" aria-hidden=\"true\">*<\/span><\/legend><ul id=\"wpforms-216-field_30\" class=\"wpforms-field-required\"><li class=\"choice-1 depth-1\"><input type=\"checkbox\" id=\"wpforms-216-field_30_1\" name=\"wpforms[fields][30][]\" value=\"J&#039;accepte d&#039;\u00eatre contact\u00e9 par EmployNext au sujet des aides et des ressources \u00e0 l&#039;embauche.\" aria-errormessage=\"wpforms-216-field_30_1-error\" required ><label class=\"wpforms-field-label-inline\" for=\"wpforms-216-field_30_1\">J'accepte d'\u00eatre contact\u00e9 par EmployNext au sujet des aides et des ressources \u00e0 l'embauche.<\/label><\/li><\/ul><\/fieldset><\/div><div id=\"wpforms-216-field_34-container\" class=\"wpforms-field wpforms-field-hidden\" data-field-id=\"34\"><input type=\"hidden\" id=\"wpforms-216-field_34\" name=\"wpforms[fields][34]\" value=\"216.73.216.35\"><\/div><\/div><!-- .wpforms-field-container --><div class=\"wpforms-submit-container\" ><input type=\"hidden\" name=\"wpforms[id]\" value=\"216\"><input type=\"hidden\" name=\"page_title\" value=\"\"><input type=\"hidden\" name=\"page_url\" value=\"https:\/\/staging.employnext.ca\/fr\/wp-json\/wp\/v2\/pages\/219\"><input type=\"hidden\" name=\"url_referer\" value=\"\"><button type=\"submit\" name=\"wpforms[submit]\" id=\"wpforms-submit-216\" class=\"wpforms-submit\" data-alt-text=\"Envoi...\" data-submit-text=\"Soumettre\" aria-live=\"assertive\" value=\"wpforms-submit\">Soumettre<\/button><img src=\"https:\/\/staging.employnext.ca\/wp-content\/plugins\/wpforms\/assets\/images\/submit-spin.svg\" class=\"wpforms-submit-spinner\" style=\"display: none;\" width=\"26\" height=\"26\" alt=\"Chargement en cours\"><\/div><\/form><\/div>  <!-- .wpforms-container --><\/p>\n","protected":false},"excerpt":{"rendered":"<h3 style=\"text-align: center;\"><strong>Un accompagnement au recrutement adapt\u00e9 \u00e0 votre entreprise<\/strong><\/h3>\n<p style=\"text-align: left;\">Contactez ProchainEmploi pour d\u00e9couvrir des outils pratiques, des analyses et un soutien con\u00e7us pour vous aider \u00e0 attirer et fid\u00e9liser les talents.<\/p>\n","protected":false},"author":5,"featured_media":0,"parent":0,"menu_order":0,"comment_status":"closed","ping_status":"closed","template":"","meta":{"inline_featured_image":false,"footnotes":""},"acf":[],"yoast_head":"<!-- This site is optimized with the Yoast SEO plugin v21.6 - https:\/\/yoast.com\/wordpress\/plugins\/seo\/ -->\n<title>Page de contact employeur de ProchainEmploi - EmployNext<\/title>\n<meta name=\"robots\" content=\"noindex, follow, max-snippet:-1, max-image-preview:large, max-video-preview:-1\" \/>\n<meta property=\"og:locale\" content=\"fr_FR\" \/>\n<meta property=\"og:type\" content=\"article\" \/>\n<meta property=\"og:title\" content=\"Page de contact employeur de ProchainEmploi - EmployNext\" \/>\n<meta property=\"og:description\" content=\"Un accompagnement au recrutement adapt\u00e9 \u00e0 votre entreprise Contactez ProchainEmploi pour d\u00e9couvrir des outils pratiques, des analyses et un soutien con\u00e7us pour vous aider \u00e0 attirer et fid\u00e9liser les talents.\" \/>\n<meta property=\"og:url\" content=\"https:\/\/staging.employnext.ca\/fr\/employnext-employer-contact-page\/\" \/>\n<meta property=\"og:site_name\" content=\"EmployNext\" \/>\n<meta property=\"article:modified_time\" content=\"2026-02-27T19:29:06+00:00\" \/>\n<meta name=\"twitter:card\" content=\"summary_large_image\" \/>\n<meta name=\"twitter:label1\" content=\"Dur\u00e9e de lecture estim\u00e9e\" \/>\n\t<meta name=\"twitter:data1\" content=\"1 minute\" \/>\n<script type=\"application\/ld+json\" class=\"yoast-schema-graph\">{\"@context\":\"https:\/\/schema.org\",\"@graph\":[{\"@type\":\"WebPage\",\"@id\":\"https:\/\/staging.employnext.ca\/fr\/employnext-employer-contact-page\/\",\"url\":\"https:\/\/staging.employnext.ca\/fr\/employnext-employer-contact-page\/\",\"name\":\"Page de contact employeur de ProchainEmploi - EmployNext\",\"isPartOf\":{\"@id\":\"https:\/\/staging.employnext.ca\/#website\"},\"datePublished\":\"2026-02-24T20:02:12+00:00\",\"dateModified\":\"2026-02-27T19:29:06+00:00\",\"breadcrumb\":{\"@id\":\"https:\/\/staging.employnext.ca\/fr\/employnext-employer-contact-page\/#breadcrumb\"},\"inLanguage\":\"fr-FR\",\"potentialAction\":[{\"@type\":\"ReadAction\",\"target\":[\"https:\/\/staging.employnext.ca\/fr\/employnext-employer-contact-page\/\"]}]},{\"@type\":\"BreadcrumbList\",\"@id\":\"https:\/\/staging.employnext.ca\/fr\/employnext-employer-contact-page\/#breadcrumb\",\"itemListElement\":[{\"@type\":\"ListItem\",\"position\":1,\"name\":\"Home\",\"item\":\"https:\/\/staging.employnext.ca\/fr\/\"},{\"@type\":\"ListItem\",\"position\":2,\"name\":\"Page de contact employeur de ProchainEmploi\"}]},{\"@type\":\"WebSite\",\"@id\":\"https:\/\/staging.employnext.ca\/#website\",\"url\":\"https:\/\/staging.employnext.ca\/\",\"name\":\"EmployNext\",\"description\":\"\",\"potentialAction\":[{\"@type\":\"SearchAction\",\"target\":{\"@type\":\"EntryPoint\",\"urlTemplate\":\"https:\/\/staging.employnext.ca\/?s={search_term_string}\"},\"query-input\":\"required name=search_term_string\"}],\"inLanguage\":\"fr-FR\"}]}<\/script>\n<!-- \/ Yoast SEO plugin. -->","yoast_head_json":{"title":"Page de contact employeur de ProchainEmploi - EmployNext","robots":{"index":"noindex","follow":"follow","max-snippet":"max-snippet:-1","max-image-preview":"max-image-preview:large","max-video-preview":"max-video-preview:-1"},"og_locale":"fr_FR","og_type":"article","og_title":"Page de contact employeur de ProchainEmploi - EmployNext","og_description":"Un accompagnement au recrutement adapt\u00e9 \u00e0 votre entreprise Contactez ProchainEmploi pour d\u00e9couvrir des outils pratiques, des analyses et un soutien con\u00e7us pour vous aider \u00e0 attirer et fid\u00e9liser les talents.","og_url":"https:\/\/staging.employnext.ca\/fr\/employnext-employer-contact-page\/","og_site_name":"EmployNext","article_modified_time":"2026-02-27T19:29:06+00:00","twitter_card":"summary_large_image","twitter_misc":{"Dur\u00e9e de lecture estim\u00e9e":"1 minute"},"schema":{"@context":"https:\/\/schema.org","@graph":[{"@type":"WebPage","@id":"https:\/\/staging.employnext.ca\/fr\/employnext-employer-contact-page\/","url":"https:\/\/staging.employnext.ca\/fr\/employnext-employer-contact-page\/","name":"Page de contact employeur de ProchainEmploi - EmployNext","isPartOf":{"@id":"https:\/\/staging.employnext.ca\/#website"},"datePublished":"2026-02-24T20:02:12+00:00","dateModified":"2026-02-27T19:29:06+00:00","breadcrumb":{"@id":"https:\/\/staging.employnext.ca\/fr\/employnext-employer-contact-page\/#breadcrumb"},"inLanguage":"fr-FR","potentialAction":[{"@type":"ReadAction","target":["https:\/\/staging.employnext.ca\/fr\/employnext-employer-contact-page\/"]}]},{"@type":"BreadcrumbList","@id":"https:\/\/staging.employnext.ca\/fr\/employnext-employer-contact-page\/#breadcrumb","itemListElement":[{"@type":"ListItem","position":1,"name":"Home","item":"https:\/\/staging.employnext.ca\/fr\/"},{"@type":"ListItem","position":2,"name":"Page de contact employeur de ProchainEmploi"}]},{"@type":"WebSite","@id":"https:\/\/staging.employnext.ca\/#website","url":"https:\/\/staging.employnext.ca\/","name":"EmployNext","description":"","potentialAction":[{"@type":"SearchAction","target":{"@type":"EntryPoint","urlTemplate":"https:\/\/staging.employnext.ca\/?s={search_term_string}"},"query-input":"required name=search_term_string"}],"inLanguage":"fr-FR"}]}},"_links":{"self":[{"href":"https:\/\/staging.employnext.ca\/fr\/wp-json\/wp\/v2\/pages\/219"}],"collection":[{"href":"https:\/\/staging.employnext.ca\/fr\/wp-json\/wp\/v2\/pages"}],"about":[{"href":"https:\/\/staging.employnext.ca\/fr\/wp-json\/wp\/v2\/types\/page"}],"author":[{"embeddable":true,"href":"https:\/\/staging.employnext.ca\/fr\/wp-json\/wp\/v2\/users\/5"}],"replies":[{"embeddable":true,"href":"https:\/\/staging.employnext.ca\/fr\/wp-json\/wp\/v2\/comments?post=219"}],"version-history":[{"count":3,"href":"https:\/\/staging.employnext.ca\/fr\/wp-json\/wp\/v2\/pages\/219\/revisions"}],"predecessor-version":[{"id":281,"href":"https:\/\/staging.employnext.ca\/fr\/wp-json\/wp\/v2\/pages\/219\/revisions\/281"}],"wp:attachment":[{"href":"https:\/\/staging.employnext.ca\/fr\/wp-json\/wp\/v2\/media?parent=219"}],"curies":[{"name":"wp","href":"https:\/\/api.w.org\/{rel}","templated":true}]}}