{"id":66,"date":"2023-12-13T17:54:25","date_gmt":"2023-12-13T17:54:25","guid":{"rendered":"https:\/\/staging.employnext.ca\/charte-du-service-client\/"},"modified":"2023-12-13T17:54:25","modified_gmt":"2023-12-13T17:54:25","slug":"charte-du-service-client","status":"publish","type":"page","link":"https:\/\/staging.employnext.ca\/fr\/charte-du-service-client\/","title":{"rendered":"Charte du service client"},"content":{"rendered":"<h2>R\u00e9seau de services d&#8217;emploi<\/h2>\n<h3>Notre engagement envers un service client de qualit\u00e9<\/h3>\n<p>Chez Serco, notre personnel et nos clients ont droit \u00e0 un environnement inclusif pour tous. Le manque de respect, le harc\u00e8lement ou la discrimination sous quelque forme que ce soit ne seront pas tol\u00e9r\u00e9s. Notre personnel est l\u00e0 pour vous aider \u00e0 r\u00e9ussir et nous nous engageons \u00e0 travailler en \u00e9troite collaboration avec nos partenaires de prestation de services pour bien comprendre les besoins de nos clients et les aider \u00e0 atteindre leurs objectifs.  <\/p>\n<p>En tant que client, vous avez le droit de recevoir des services qui r\u00e9pondent \u00e0 vos besoins individuels, sans pr\u00e9jug\u00e9s ni intol\u00e9rance. Pour garantir que nos demandeurs d\u2019emploi et nos employeurs b\u00e9n\u00e9ficient des services d\u2019emploi de la plus haute qualit\u00e9, nous allons : <\/p>\n<h3>Habiliter<\/h3>\n<p>Les employ\u00e9s de Serco s&#8217;engagent \u00e0 garantir que les partenaires de prestation de services disposent de la formation et des outils appropri\u00e9s pour fournir des services d&#8217;emploi aux demandeurs d&#8217;emploi et aux employeurs, \u00e9valuer les besoins des demandeurs d&#8217;emploi et les obstacles au march\u00e9 du travail, et aider les demandeurs d&#8217;emploi \u00e0 identifier les comp\u00e9tences transf\u00e9rables et d\u00e9veloppement de nouvelles comp\u00e9tences. Ces engagements seront remplis gr\u00e2ce \u00e0 une gestion active des performances, une collaboration ouverte et une communication r\u00e9guli\u00e8re. <\/p>\n<h3>S&#8217;engager<\/h3>\n<p>Tous les employ\u00e9s de Serco exploitent nos valeurs de confiance, d&#8217;attention, d&#8217;innovation et de fiert\u00e9 pour fournir des services positifs et professionnels aux communaut\u00e9s que nous servons. Le personnel de Serco respecte les dispositions de la Loi sur les services en fran\u00e7ais et de la Loi sur l&#8217;accessibilit\u00e9 pour les personnes handicap\u00e9es de l&#8217;Ontario de 2005 et veillera \u00e0 ce que tous les services soient fournis de mani\u00e8re \u00e9quitable dans la langue pr\u00e9f\u00e9r\u00e9e du client. En collaboration avec nos partenaires de prestation de services, nous fixerons des objectifs et des cibles tangibles, ax\u00e9s sur l&#8217;aide aux individus \u00e0 trouver un emploi durable.  <\/p>\n<h3>\u00c9couter<\/h3>\n<p>Les commentaires des clients, des employ\u00e9s et des parties int\u00e9ress\u00e9es sont l&#8217;un des moyens par lesquels Serco surveille et am\u00e9liore la fa\u00e7on dont les services sont fournis. Serco est disponible du lundi au vendredi entre 8h00 et 17h00 au 416-861-2030 ou employmentservices@serco-na.com pour r\u00e9pondre \u00e0 vos pr\u00e9occupations, demandes de renseignements ou compliments. Toutes les soumissions respecteront la politique de confidentialit\u00e9 de Serco. Un responsable des services d&#8217;emploi de Serco vous r\u00e9pondra directement dans un d\u00e9lai d&#8217;un jour ouvrable, y compris pour les soumissions effectu\u00e9es en dehors des heures normales de bureau, par courriel et par messagerie vocale, et veillera \u00e0 ce que nous expliquions nos processus et fournissions une estimation du temps pour les prochaines \u00e9tapes.   <\/p>\n<h3>R\u00e9soudre<\/h3>\n<p>Pour les probl\u00e8mes non r\u00e9solus au niveau du fournisseur de services, les escalades seront g\u00e9r\u00e9es par le responsable du service d&#8217;emploi de Serco qui travaillera directement avec le client pour r\u00e9soudre compl\u00e8tement le probl\u00e8me dans les 20 jours ouvrables.<\/p>\n<p>Des questions suppl\u00e9mentaires peuvent \u00eatre adress\u00e9es \u00e0 : <a href=\"mailto:employmentservices@serco-na.com\">employmentservices@serco-na.com<\/a><\/p>\n","protected":false},"excerpt":{"rendered":"<h2>R\u00e9seau de services d&#8217;emploi<\/h2>\n<h3>Notre engagement envers un service client de qualit\u00e9<\/h3>\n<p>Chez Serco, notre personnel et nos clients ont droit \u00e0 un environnement inclusif pour tous. Le manque de respect, le harc\u00e8lement ou la discrimination sous quelque forme que ce soit ne seront pas tol\u00e9r\u00e9s. Notre personnel est l\u00e0 pour vous aider \u00e0 r\u00e9ussir et nous nous engageons \u00e0 travailler en \u00e9troite collaboration avec nos partenaires de prestation de services pour bien comprendre les besoins de nos clients et les aider \u00e0 atteindre leurs objectifs.  <\/p>\n","protected":false},"author":1,"featured_media":0,"parent":0,"menu_order":0,"comment_status":"closed","ping_status":"closed","template":"page-basic.php","meta":{"inline_featured_image":false,"footnotes":""},"acf":[],"yoast_head":"<!-- This site is optimized with the Yoast SEO plugin v21.6 - https:\/\/yoast.com\/wordpress\/plugins\/seo\/ -->\n<title>Charte du service client - EmployNext<\/title>\n<meta name=\"robots\" content=\"noindex, follow, max-snippet:-1, max-image-preview:large, max-video-preview:-1\" \/>\n<meta property=\"og:locale\" content=\"fr_FR\" \/>\n<meta property=\"og:type\" content=\"article\" \/>\n<meta property=\"og:title\" content=\"Charte du service client - EmployNext\" \/>\n<meta property=\"og:description\" content=\"R\u00e9seau de services d&#8217;emploi Notre engagement envers un service client de qualit\u00e9 Chez Serco, notre personnel et nos clients ont droit \u00e0 un environnement inclusif pour tous. Le manque de respect, le harc\u00e8lement ou la discrimination sous quelque forme que ce soit ne seront pas tol\u00e9r\u00e9s. Notre personnel est l\u00e0 pour vous aider \u00e0 r\u00e9ussir et nous nous engageons \u00e0 travailler en \u00e9troite collaboration avec nos partenaires de prestation de services pour bien comprendre les besoins de nos clients et les aider \u00e0 atteindre leurs objectifs.\" \/>\n<meta property=\"og:url\" content=\"https:\/\/staging.employnext.ca\/fr\/charte-du-service-client\/\" \/>\n<meta property=\"og:site_name\" content=\"EmployNext\" \/>\n<meta name=\"twitter:card\" content=\"summary_large_image\" \/>\n<meta name=\"twitter:label1\" content=\"Dur\u00e9e de lecture estim\u00e9e\" \/>\n\t<meta name=\"twitter:data1\" content=\"3 minutes\" \/>\n<script type=\"application\/ld+json\" class=\"yoast-schema-graph\">{\"@context\":\"https:\/\/schema.org\",\"@graph\":[{\"@type\":\"WebPage\",\"@id\":\"https:\/\/staging.employnext.ca\/fr\/charte-du-service-client\/\",\"url\":\"https:\/\/staging.employnext.ca\/fr\/charte-du-service-client\/\",\"name\":\"Charte du service client - EmployNext\",\"isPartOf\":{\"@id\":\"https:\/\/staging.employnext.ca\/#website\"},\"datePublished\":\"2023-12-13T17:54:25+00:00\",\"dateModified\":\"2023-12-13T17:54:25+00:00\",\"breadcrumb\":{\"@id\":\"https:\/\/staging.employnext.ca\/fr\/charte-du-service-client\/#breadcrumb\"},\"inLanguage\":\"fr-FR\",\"potentialAction\":[{\"@type\":\"ReadAction\",\"target\":[\"https:\/\/staging.employnext.ca\/fr\/charte-du-service-client\/\"]}]},{\"@type\":\"BreadcrumbList\",\"@id\":\"https:\/\/staging.employnext.ca\/fr\/charte-du-service-client\/#breadcrumb\",\"itemListElement\":[{\"@type\":\"ListItem\",\"position\":1,\"name\":\"Home\",\"item\":\"https:\/\/staging.employnext.ca\/fr\/\"},{\"@type\":\"ListItem\",\"position\":2,\"name\":\"Charte du service client\"}]},{\"@type\":\"WebSite\",\"@id\":\"https:\/\/staging.employnext.ca\/#website\",\"url\":\"https:\/\/staging.employnext.ca\/\",\"name\":\"EmployNext\",\"description\":\"\",\"potentialAction\":[{\"@type\":\"SearchAction\",\"target\":{\"@type\":\"EntryPoint\",\"urlTemplate\":\"https:\/\/staging.employnext.ca\/?s={search_term_string}\"},\"query-input\":\"required name=search_term_string\"}],\"inLanguage\":\"fr-FR\"}]}<\/script>\n<!-- \/ Yoast SEO plugin. -->","yoast_head_json":{"title":"Charte du service client - EmployNext","robots":{"index":"noindex","follow":"follow","max-snippet":"max-snippet:-1","max-image-preview":"max-image-preview:large","max-video-preview":"max-video-preview:-1"},"og_locale":"fr_FR","og_type":"article","og_title":"Charte du service client - EmployNext","og_description":"R\u00e9seau de services d&#8217;emploi Notre engagement envers un service client de qualit\u00e9 Chez Serco, notre personnel et nos clients ont droit \u00e0 un environnement inclusif pour tous. Le manque de respect, le harc\u00e8lement ou la discrimination sous quelque forme que ce soit ne seront pas tol\u00e9r\u00e9s. Notre personnel est l\u00e0 pour vous aider \u00e0 r\u00e9ussir et nous nous engageons \u00e0 travailler en \u00e9troite collaboration avec nos partenaires de prestation de services pour bien comprendre les besoins de nos clients et les aider \u00e0 atteindre leurs objectifs.","og_url":"https:\/\/staging.employnext.ca\/fr\/charte-du-service-client\/","og_site_name":"EmployNext","twitter_card":"summary_large_image","twitter_misc":{"Dur\u00e9e de lecture estim\u00e9e":"3 minutes"},"schema":{"@context":"https:\/\/schema.org","@graph":[{"@type":"WebPage","@id":"https:\/\/staging.employnext.ca\/fr\/charte-du-service-client\/","url":"https:\/\/staging.employnext.ca\/fr\/charte-du-service-client\/","name":"Charte du service client - EmployNext","isPartOf":{"@id":"https:\/\/staging.employnext.ca\/#website"},"datePublished":"2023-12-13T17:54:25+00:00","dateModified":"2023-12-13T17:54:25+00:00","breadcrumb":{"@id":"https:\/\/staging.employnext.ca\/fr\/charte-du-service-client\/#breadcrumb"},"inLanguage":"fr-FR","potentialAction":[{"@type":"ReadAction","target":["https:\/\/staging.employnext.ca\/fr\/charte-du-service-client\/"]}]},{"@type":"BreadcrumbList","@id":"https:\/\/staging.employnext.ca\/fr\/charte-du-service-client\/#breadcrumb","itemListElement":[{"@type":"ListItem","position":1,"name":"Home","item":"https:\/\/staging.employnext.ca\/fr\/"},{"@type":"ListItem","position":2,"name":"Charte du service client"}]},{"@type":"WebSite","@id":"https:\/\/staging.employnext.ca\/#website","url":"https:\/\/staging.employnext.ca\/","name":"EmployNext","description":"","potentialAction":[{"@type":"SearchAction","target":{"@type":"EntryPoint","urlTemplate":"https:\/\/staging.employnext.ca\/?s={search_term_string}"},"query-input":"required name=search_term_string"}],"inLanguage":"fr-FR"}]}},"_links":{"self":[{"href":"https:\/\/staging.employnext.ca\/fr\/wp-json\/wp\/v2\/pages\/66"}],"collection":[{"href":"https:\/\/staging.employnext.ca\/fr\/wp-json\/wp\/v2\/pages"}],"about":[{"href":"https:\/\/staging.employnext.ca\/fr\/wp-json\/wp\/v2\/types\/page"}],"author":[{"embeddable":true,"href":"https:\/\/staging.employnext.ca\/fr\/wp-json\/wp\/v2\/users\/1"}],"replies":[{"embeddable":true,"href":"https:\/\/staging.employnext.ca\/fr\/wp-json\/wp\/v2\/comments?post=66"}],"version-history":[{"count":0,"href":"https:\/\/staging.employnext.ca\/fr\/wp-json\/wp\/v2\/pages\/66\/revisions"}],"wp:attachment":[{"href":"https:\/\/staging.employnext.ca\/fr\/wp-json\/wp\/v2\/media?parent=66"}],"curies":[{"name":"wp","href":"https:\/\/api.w.org\/{rel}","templated":true}]}}