{"id":70,"date":"2023-12-13T18:36:11","date_gmt":"2023-12-13T18:36:11","guid":{"rendered":"https:\/\/staging.employnext.ca\/processus-de-resolution-des-litiges-et-des-plaintes\/"},"modified":"2023-12-13T18:36:11","modified_gmt":"2023-12-13T18:36:11","slug":"processus-de-resolution-des-litiges-et-des-plaintes","status":"publish","type":"page","link":"https:\/\/staging.employnext.ca\/fr\/processus-de-resolution-des-litiges-et-des-plaintes\/","title":{"rendered":"Processus de r\u00e9solution des litiges et des plaintes"},"content":{"rendered":"<h2>Aper\u00e7u<\/h2>\n<p>En plus de garantir que nous et tous nos partenaires de prestation de services adh\u00e9rons \u00e0 notre Charte de service client, nous disposons de plusieurs m\u00e9canismes de retour d&#8217;information pour surveiller et am\u00e9liorer la mani\u00e8re dont les services sont fournis. Nous interrogeons les clients (demandeurs d&#8217;emploi et employeurs), les partenaires communautaires (CP) et les prestataires de services (SP) au moins une fois par an, en utilisant un processus de s\u00e9lection al\u00e9atoire pour identifier les personnes interrog\u00e9es, pour \u00e9valuer l&#8217;efficacit\u00e9 et l&#8217;efficience de nos services d&#8217;emploi, ainsi que nos performances en tant que gestionnaire du syst\u00e8me de services (SSM). Nous sondons les employeurs qui ont utilis\u00e9 nos services, tels que les placements, les offres d&#8217;emploi et la s\u00e9lection, pour \u00e9valuer si les soutiens r\u00e9pondent \u00e0 leurs besoins. Nous encourageons les clients et les employeurs \u00e0 utiliser une gamme de m\u00e9canismes pour fournir des commentaires via nos SP, notre site Web ou via nos r\u00e9seaux sociaux, y compris des compliments ou des plaintes. Bien que tous les clients, partenaires communautaires et prestataires de services aient la possibilit\u00e9 de fournir des commentaires positifs et n\u00e9gatifs, nous nous engageons \u00e0 enqu\u00eater et \u00e0 examiner les commentaires d&#8217;au moins 30 % (s\u00e9lectionn\u00e9s au hasard) de tous les demandeurs d&#8217;emploi et employeurs qui re\u00e7oivent des services dans nos zones de chalandise de SSM.    <\/p>\n<p>Le processus de r\u00e8glement des diff\u00e9rends et des plaintes vise \u00e0 fournir aux clients, aux prestataires de services et aux partenaires de l&#8217;assistance sociale un moyen suppl\u00e9mentaire de fournir des commentaires \u00e0 Serco sur les services d&#8217;emploi. Chaque plainte sera re\u00e7ue, trait\u00e9e et \u00e9tudi\u00e9e en temps opportun, les r\u00e9sultats contribuant \u00e0 l\u2019am\u00e9lioration globale des services d\u2019emploi du r\u00e9seau. <\/p>\n<p>Notre processus de r\u00e9solution des litiges et des plaintes Serco est fond\u00e9 sur les principes visant \u00e0 garantir un processus rapide et transparent, lanc\u00e9 au niveau le plus appropri\u00e9 avec un processus d&#8217;escalade si le plaignant n&#8217;est pas satisfait de la r\u00e9ponse.<\/p>\n<p>Toutes les plaintes des clients, des partenaires SP et SA seront r\u00e9guli\u00e8rement examin\u00e9es et signal\u00e9es \u00e0 la province chaque trimestre avec une analyse des plaintes re\u00e7ues, des mesures prises et des le\u00e7ons apprises dans le cadre du processus d&#8217;am\u00e9lioration continue. Ils seront \u00e9valu\u00e9s pour leur adh\u00e9sion aux r\u00e9sultats et aux tendances intemporels. Nous examinerons r\u00e9guli\u00e8rement les plaintes dans notre processus de gestion ainsi que par l&#8217;interm\u00e9diaire du Centre d&#8217;excellence (COE), ce qui aidera Serco \u00e0 garantir que nos services d&#8217;emploi sont adapt\u00e9s au niveau local et centr\u00e9s sur le client.  <\/p>\n<p>Serco et nos partenaires de prestation de services s&#8217;engagent \u00e0 assurer un traitement transparent et \u00e9quitable de tous les clients ainsi que des partenaires SP et SA. Tous les partenaires de prestation de services doivent disposer d&#8217;installations et de services accessibles et \u00e9quitables pour tous les clients, conform\u00e9ment \u00e0 la Loi sur les services en fran\u00e7ais et \u00e0 la Loi sur l&#8217;accessibilit\u00e9 pour les personnes handicap\u00e9es de l&#8217;Ontario de 2005. Chaque fournisseur de services doit disposer d&#8217;informations sur l&#8217;accessibilit\u00e9 et de m\u00e9canismes de r\u00e9troaction sp\u00e9cifiques \u00e0 son site lorsque l\u2019accessibilit\u00e9 est en cause. Les clients, les SP et les partenaires SA peuvent \u00e9galement utiliser les processus suivants pour les probl\u00e8mes d&#8217;accessibilit\u00e9, ainsi que pour les probl\u00e8mes de conformit\u00e9 ou de service client.   <\/p>\n<h2>Client\u00e8le<\/h2>\n<p>Pour les clients, ce processus de r\u00e9solution des litiges et des plaintes sera facilement disponible, et les plaintes re\u00e7ues seront initialement trait\u00e9es au niveau du fournisseur de services. La plainte doit faire l\u2019objet d\u2019une enqu\u00eate approfondie et d\u2019une r\u00e9ponse formelle \u00e9mise dans un d\u00e9lai sp\u00e9cifi\u00e9. <\/p>\n<ol>\n<li>Les fournisseurs de services doivent mettre le processus de r\u00e8glement des diff\u00e9rends et des plaintes \u00e0 la disposition des clients : affich\u00e9 dans le Centre d&#8217;emploi et sur les sites Web, notamment :\n<ul>\n<li>Nom et titre de la personne \u00e0 contacter<\/li>\n<li>Num\u00e9ro de t\u00e9l\u00e9phone\/ATS<\/li>\n<li>Adresse de courrier \u00e9lectronique<\/li>\n<li>Adresse de courrier \u00e9lectronique\n<ul>\n<li>Nom et titre de la personne \u00e0 contacter<\/li>\n<li>Num\u00e9ro de t\u00e9l\u00e9phone \/ ATS<\/li>\n<li>Adresse de courrier \u00e9lectronique<\/li>\n<\/ul>\n<\/li>\n<\/ul>\n<\/li>\n<li>D\u00e9lai pour que SP r\u00e9ponde \u00e0 la demande du client, quelle que soit la m\u00e9thode de contact : <strong>1<\/strong> <strong>jour<\/strong> <strong>ouvrable<\/strong><\/li>\n<li>Les clients doivent fournir les informations suivantes concernant leur plainte :\n<ul>\n<li>Nom<\/li>\n<li>Meilleur moment pour contacter (c&#8217;est-\u00e0-dire apr\u00e8s-midi\/soir\u00e9e)<\/li>\n<li>D\u00e9tails de la situation<\/li>\n<\/ul>\n<\/li>\n<li>Le Prestataire de services conviendra d&#8217;un d\u00e9lai de r\u00e9ponse raisonnable en fonction de la nature et de l&#8217;urgence de la plainte.<\/li>\n<li>Le fournisseur de services fournira une r\u00e9solution \u00e0 la plainte par \u00e9crit au client.<\/li>\n<li>Lorsque le fournisseur de services n&#8217;est pas en mesure de r\u00e9soudre la plainte avec le client, Serco doit \u00eatre imm\u00e9diatement contact\u00e9 par le fournisseur de services pour l&#8217;informer du probl\u00e8me non r\u00e9solu. Le fournisseur de services doit \u00e9galement informer le client par \u00e9crit que le probl\u00e8me a \u00e9t\u00e9 signal\u00e9 au SSM. <\/li>\n<li>Si le client n&#8217;a pas encore contact\u00e9 Serco, le responsable du service d&#8217;emploi (ESM) de Serco contactera directement le client avec les informations fournies par le SP.<\/li>\n<li>Le responsable du service d&#8217;emploi de Serco enqu\u00eatera de mani\u00e8re approfondie sur la plainte et proposera une solution.<\/li>\n<li>Dans le cas o\u00f9 la plainte n&#8217;a toujours pas \u00e9t\u00e9 r\u00e9solue, le probl\u00e8me sera soumis au directeur principal du service d&#8217;emploi et au directeur g\u00e9n\u00e9ral des services d&#8217;emploi pour une enqu\u00eate plus approfondie et une r\u00e9solution.<\/li>\n<li>Le prestataire de services suivra et signalera toutes les plaintes au SSM chaque mois.<\/li>\n<li>Serco partagera avec le MLITSD (autrement appel\u00e9 le \u00ab Minist\u00e8re \u00bb) toute enqu\u00eate sur les plaintes des clients qui sont transmises au Minist\u00e8re et travaillera avec le personnel du Minist\u00e8re pour r\u00e9soudre tout probl\u00e8me en suspens. Serco rendra compte trimestriellement de toutes les plaintes et de leur statut au Minist\u00e8re. <\/li>\n<\/ol>\n<h2>Les fournisseurs de services<\/h2>\n<p>Serco a reconnu que de temps \u00e0 autre, des plaintes ou des litiges surviendraient dans le cadre des activit\u00e9s courantes. Serco encourage les commentaires des fournisseurs de services. Les fournisseurs de services ne seront pas p\u00e9nalis\u00e9s s\u2019ils d\u00e9posent des plaintes ou des litiges.  <\/p>\n<ol>\n<li>Si une plainte ou un litige \u00e9mane d&#8217;un fournisseur de services, le gestionnaire du fournisseur de services (SPM) doit contacter le gestionnaire des services d&#8217;emploi de son site de prestation de services, que ce soit par t\u00e9l\u00e9phone ou par courrier \u00e9lectronique.<\/li>\n<li>L&#8217;ESM r\u00e9pondra au SPM dans un d\u00e9lai <strong>d&#8217;un jour ouvrable<\/strong>, quelle que soit la m\u00e9thode de contact, pour recueillir des informations concernant le litige et comprendre le probl\u00e8me en question.<\/li>\n<li>ESM et SPM conviendront d&#8217;un d\u00e9lai de r\u00e9solution, en fonction de la nature et de l&#8217;urgence de la plainte.<\/li>\n<li>L&#8217;ESM enqu\u00eatera sur la plainte en rassemblant des faits et en s&#8217;adressant aux personnes si n\u00e9cessaire.<\/li>\n<li>SPM et ESM tenteront de bonne foi de r\u00e9soudre la plainte\/le litige. Cela peut inclure la participation du gestionnaire principal des services d&#8217;emploi et du directeur g\u00e9n\u00e9ral des services d&#8217;emploi pour aider \u00e0 r\u00e9soudre le probl\u00e8me.<\/li>\n<li>Si les tentatives visant \u00e0 r\u00e9soudre le probl\u00e8me n&#8217;aboutissent pas dans un d\u00e9lai raisonnable, ne d\u00e9passant pas <strong>20 jours ouvrables<\/strong>, l&#8217;une ou l&#8217;autre des parties peut recommander que le diff\u00e9rend soit port\u00e9 devant le minist\u00e8re.<\/li>\n<li>Chaque \u00e9tape du processus sera document\u00e9e par Serco et toute d\u00e9cision ou escalade sera partag\u00e9e par \u00e9crit avec le fournisseur de services.<\/li>\n<li>Toute r\u00e9solution de la plainte\/du litige sera fournie par \u00e9crit par l&#8217;ESM au SPM.<\/li>\n<li>Serco informera le Minist\u00e8re des plaintes\/litiges chaque trimestre, sauf dans ce cas, les litiges sont de nature urgente.<\/li>\n<\/ol>\n","protected":false},"excerpt":{"rendered":"<h2>Aper\u00e7u<\/h2>\n<p>En plus de garantir que nous et tous nos partenaires de prestation de services adh\u00e9rons \u00e0 notre Charte de service client, nous disposons de plusieurs m\u00e9canismes de retour d&#8217;information pour surveiller et am\u00e9liorer la mani\u00e8re dont les services sont fournis. Nous interrogeons les clients (demandeurs d&#8217;emploi et employeurs), les partenaires communautaires (CP) et les prestataires de services (SP) au moins une fois par an, en utilisant un processus de s\u00e9lection al\u00e9atoire pour identifier les personnes interrog\u00e9es, pour \u00e9valuer l&#8217;efficacit\u00e9 et l&#8217;efficience de nos services d&#8217;emploi, ainsi que nos performances en tant que gestionnaire du syst\u00e8me de services (SSM). Nous sondons les employeurs qui ont utilis\u00e9 nos services, tels que les placements, les offres d&#8217;emploi et la s\u00e9lection, pour \u00e9valuer si les soutiens r\u00e9pondent \u00e0 leurs besoins. Nous encourageons les clients et les employeurs \u00e0 utiliser une gamme de m\u00e9canismes pour fournir des commentaires via nos SP, notre site Web ou via nos r\u00e9seaux sociaux, y compris des compliments ou des plaintes. Bien que tous les clients, partenaires communautaires et prestataires de services aient la possibilit\u00e9 de fournir des commentaires positifs et n\u00e9gatifs, nous nous engageons \u00e0 enqu\u00eater et \u00e0 examiner les commentaires d&#8217;au moins 30 % (s\u00e9lectionn\u00e9s au hasard) de tous les demandeurs d&#8217;emploi et employeurs qui re\u00e7oivent des services dans nos zones de chalandise de SSM.    <\/p>\n","protected":false},"author":1,"featured_media":0,"parent":0,"menu_order":0,"comment_status":"closed","ping_status":"closed","template":"page-basic.php","meta":{"inline_featured_image":false,"footnotes":""},"acf":[],"yoast_head":"<!-- This site is optimized with the Yoast SEO plugin v21.6 - https:\/\/yoast.com\/wordpress\/plugins\/seo\/ -->\n<title>Processus de r\u00e9solution des litiges et des plaintes - EmployNext<\/title>\n<meta name=\"robots\" content=\"noindex, follow, max-snippet:-1, max-image-preview:large, max-video-preview:-1\" \/>\n<meta property=\"og:locale\" content=\"fr_FR\" \/>\n<meta property=\"og:type\" content=\"article\" \/>\n<meta property=\"og:title\" content=\"Processus de r\u00e9solution des litiges et des plaintes - EmployNext\" \/>\n<meta property=\"og:description\" content=\"Aper\u00e7u En plus de garantir que nous et tous nos partenaires de prestation de services adh\u00e9rons \u00e0 notre Charte de service client, nous disposons de plusieurs m\u00e9canismes de retour d&#8217;information pour surveiller et am\u00e9liorer la mani\u00e8re dont les services sont fournis. Nous interrogeons les clients (demandeurs d&#8217;emploi et employeurs), les partenaires communautaires (CP) et les prestataires de services (SP) au moins une fois par an, en utilisant un processus de s\u00e9lection al\u00e9atoire pour identifier les personnes interrog\u00e9es, pour \u00e9valuer l&#8217;efficacit\u00e9 et l&#8217;efficience de nos services d&#8217;emploi, ainsi que nos performances en tant que gestionnaire du syst\u00e8me de services (SSM). Nous sondons les employeurs qui ont utilis\u00e9 nos services, tels que les placements, les offres d&#8217;emploi et la s\u00e9lection, pour \u00e9valuer si les soutiens r\u00e9pondent \u00e0 leurs besoins. Nous encourageons les clients et les employeurs \u00e0 utiliser une gamme de m\u00e9canismes pour fournir des commentaires via nos SP, notre site Web ou via nos r\u00e9seaux sociaux, y compris des compliments ou des plaintes. Bien que tous les clients, partenaires communautaires et prestataires de services aient la possibilit\u00e9 de fournir des commentaires positifs et n\u00e9gatifs, nous nous engageons \u00e0 enqu\u00eater et \u00e0 examiner les commentaires d&#8217;au moins 30 % (s\u00e9lectionn\u00e9s au hasard) de tous les demandeurs d&#8217;emploi et employeurs qui re\u00e7oivent des services dans nos zones de chalandise de SSM.\" \/>\n<meta property=\"og:url\" content=\"https:\/\/staging.employnext.ca\/fr\/processus-de-resolution-des-litiges-et-des-plaintes\/\" \/>\n<meta property=\"og:site_name\" content=\"EmployNext\" \/>\n<meta name=\"twitter:card\" content=\"summary_large_image\" \/>\n<meta name=\"twitter:label1\" content=\"Dur\u00e9e de lecture estim\u00e9e\" \/>\n\t<meta name=\"twitter:data1\" content=\"7 minutes\" \/>\n<script type=\"application\/ld+json\" class=\"yoast-schema-graph\">{\"@context\":\"https:\/\/schema.org\",\"@graph\":[{\"@type\":\"WebPage\",\"@id\":\"https:\/\/staging.employnext.ca\/fr\/processus-de-resolution-des-litiges-et-des-plaintes\/\",\"url\":\"https:\/\/staging.employnext.ca\/fr\/processus-de-resolution-des-litiges-et-des-plaintes\/\",\"name\":\"Processus de r\u00e9solution des litiges et des plaintes - EmployNext\",\"isPartOf\":{\"@id\":\"https:\/\/staging.employnext.ca\/#website\"},\"datePublished\":\"2023-12-13T18:36:11+00:00\",\"dateModified\":\"2023-12-13T18:36:11+00:00\",\"breadcrumb\":{\"@id\":\"https:\/\/staging.employnext.ca\/fr\/processus-de-resolution-des-litiges-et-des-plaintes\/#breadcrumb\"},\"inLanguage\":\"fr-FR\",\"potentialAction\":[{\"@type\":\"ReadAction\",\"target\":[\"https:\/\/staging.employnext.ca\/fr\/processus-de-resolution-des-litiges-et-des-plaintes\/\"]}]},{\"@type\":\"BreadcrumbList\",\"@id\":\"https:\/\/staging.employnext.ca\/fr\/processus-de-resolution-des-litiges-et-des-plaintes\/#breadcrumb\",\"itemListElement\":[{\"@type\":\"ListItem\",\"position\":1,\"name\":\"Home\",\"item\":\"https:\/\/staging.employnext.ca\/fr\/\"},{\"@type\":\"ListItem\",\"position\":2,\"name\":\"Processus de r\u00e9solution des litiges et des plaintes\"}]},{\"@type\":\"WebSite\",\"@id\":\"https:\/\/staging.employnext.ca\/#website\",\"url\":\"https:\/\/staging.employnext.ca\/\",\"name\":\"EmployNext\",\"description\":\"\",\"potentialAction\":[{\"@type\":\"SearchAction\",\"target\":{\"@type\":\"EntryPoint\",\"urlTemplate\":\"https:\/\/staging.employnext.ca\/?s={search_term_string}\"},\"query-input\":\"required name=search_term_string\"}],\"inLanguage\":\"fr-FR\"}]}<\/script>\n<!-- \/ Yoast SEO plugin. -->","yoast_head_json":{"title":"Processus de r\u00e9solution des litiges et des plaintes - EmployNext","robots":{"index":"noindex","follow":"follow","max-snippet":"max-snippet:-1","max-image-preview":"max-image-preview:large","max-video-preview":"max-video-preview:-1"},"og_locale":"fr_FR","og_type":"article","og_title":"Processus de r\u00e9solution des litiges et des plaintes - EmployNext","og_description":"Aper\u00e7u En plus de garantir que nous et tous nos partenaires de prestation de services adh\u00e9rons \u00e0 notre Charte de service client, nous disposons de plusieurs m\u00e9canismes de retour d&#8217;information pour surveiller et am\u00e9liorer la mani\u00e8re dont les services sont fournis. Nous interrogeons les clients (demandeurs d&#8217;emploi et employeurs), les partenaires communautaires (CP) et les prestataires de services (SP) au moins une fois par an, en utilisant un processus de s\u00e9lection al\u00e9atoire pour identifier les personnes interrog\u00e9es, pour \u00e9valuer l&#8217;efficacit\u00e9 et l&#8217;efficience de nos services d&#8217;emploi, ainsi que nos performances en tant que gestionnaire du syst\u00e8me de services (SSM). Nous sondons les employeurs qui ont utilis\u00e9 nos services, tels que les placements, les offres d&#8217;emploi et la s\u00e9lection, pour \u00e9valuer si les soutiens r\u00e9pondent \u00e0 leurs besoins. Nous encourageons les clients et les employeurs \u00e0 utiliser une gamme de m\u00e9canismes pour fournir des commentaires via nos SP, notre site Web ou via nos r\u00e9seaux sociaux, y compris des compliments ou des plaintes. Bien que tous les clients, partenaires communautaires et prestataires de services aient la possibilit\u00e9 de fournir des commentaires positifs et n\u00e9gatifs, nous nous engageons \u00e0 enqu\u00eater et \u00e0 examiner les commentaires d&#8217;au moins 30 % (s\u00e9lectionn\u00e9s au hasard) de tous les demandeurs d&#8217;emploi et employeurs qui re\u00e7oivent des services dans nos zones de chalandise de SSM.","og_url":"https:\/\/staging.employnext.ca\/fr\/processus-de-resolution-des-litiges-et-des-plaintes\/","og_site_name":"EmployNext","twitter_card":"summary_large_image","twitter_misc":{"Dur\u00e9e de lecture estim\u00e9e":"7 minutes"},"schema":{"@context":"https:\/\/schema.org","@graph":[{"@type":"WebPage","@id":"https:\/\/staging.employnext.ca\/fr\/processus-de-resolution-des-litiges-et-des-plaintes\/","url":"https:\/\/staging.employnext.ca\/fr\/processus-de-resolution-des-litiges-et-des-plaintes\/","name":"Processus de r\u00e9solution des litiges et des plaintes - EmployNext","isPartOf":{"@id":"https:\/\/staging.employnext.ca\/#website"},"datePublished":"2023-12-13T18:36:11+00:00","dateModified":"2023-12-13T18:36:11+00:00","breadcrumb":{"@id":"https:\/\/staging.employnext.ca\/fr\/processus-de-resolution-des-litiges-et-des-plaintes\/#breadcrumb"},"inLanguage":"fr-FR","potentialAction":[{"@type":"ReadAction","target":["https:\/\/staging.employnext.ca\/fr\/processus-de-resolution-des-litiges-et-des-plaintes\/"]}]},{"@type":"BreadcrumbList","@id":"https:\/\/staging.employnext.ca\/fr\/processus-de-resolution-des-litiges-et-des-plaintes\/#breadcrumb","itemListElement":[{"@type":"ListItem","position":1,"name":"Home","item":"https:\/\/staging.employnext.ca\/fr\/"},{"@type":"ListItem","position":2,"name":"Processus de r\u00e9solution des litiges et des plaintes"}]},{"@type":"WebSite","@id":"https:\/\/staging.employnext.ca\/#website","url":"https:\/\/staging.employnext.ca\/","name":"EmployNext","description":"","potentialAction":[{"@type":"SearchAction","target":{"@type":"EntryPoint","urlTemplate":"https:\/\/staging.employnext.ca\/?s={search_term_string}"},"query-input":"required name=search_term_string"}],"inLanguage":"fr-FR"}]}},"_links":{"self":[{"href":"https:\/\/staging.employnext.ca\/fr\/wp-json\/wp\/v2\/pages\/70"}],"collection":[{"href":"https:\/\/staging.employnext.ca\/fr\/wp-json\/wp\/v2\/pages"}],"about":[{"href":"https:\/\/staging.employnext.ca\/fr\/wp-json\/wp\/v2\/types\/page"}],"author":[{"embeddable":true,"href":"https:\/\/staging.employnext.ca\/fr\/wp-json\/wp\/v2\/users\/1"}],"replies":[{"embeddable":true,"href":"https:\/\/staging.employnext.ca\/fr\/wp-json\/wp\/v2\/comments?post=70"}],"version-history":[{"count":0,"href":"https:\/\/staging.employnext.ca\/fr\/wp-json\/wp\/v2\/pages\/70\/revisions"}],"wp:attachment":[{"href":"https:\/\/staging.employnext.ca\/fr\/wp-json\/wp\/v2\/media?parent=70"}],"curies":[{"name":"wp","href":"https:\/\/api.w.org\/{rel}","templated":true}]}}